{"id":3443,"date":"2024-08-21T10:17:16","date_gmt":"2024-08-21T08:17:16","guid":{"rendered":"https:\/\/www.cantieridipisa.com\/home\/"},"modified":"2026-03-09T16:27:58","modified_gmt":"2026-03-09T15:27:58","slug":"home","status":"publish","type":"page","link":"https:\/\/www.cantieridipisa.com\/it\/","title":{"rendered":"Home"},"content":{"rendered":"\t\t<div data-elementor-type=\"wp-page\" data-elementor-id=\"3443\" class=\"elementor elementor-3443 elementor-22\" data-elementor-post-type=\"page\">\n\t\t\t\t<div data-dce-background-overlay-color=\"#000000\" class=\"elementor-element elementor-element-f0947bd e-con-full e-flex e-con e-parent\" data-id=\"f0947bd\" data-element_type=\"container\" data-settings=\"{&quot;background_background&quot;:&quot;classic&quot;}\">\n\t\t\t\t<div class=\"elementor-element elementor-element-41d3397 elementor-hidden-desktop elementor-hidden-tablet dce_masking-none elementor-widget elementor-widget-image\" data-id=\"41d3397\" data-element_type=\"widget\" data-widget_type=\"image.default\">\n\t\t\t\t<div class=\"elementor-widget-container\">\n\t\t\t\t\t\t\t\t\t\t\t\t\t<img fetchpriority=\"high\" decoding=\"async\" width=\"1125\" height=\"2436\" src=\"https:\/\/www.cantieridipisa.com\/wp-content\/uploads\/2026\/03\/Cantieri-di-Pisa-Flotta.jpg\" class=\"attachment-full size-full wp-image-3586\" alt=\"\" srcset=\"https:\/\/www.cantieridipisa.com\/wp-content\/uploads\/2026\/03\/Cantieri-di-Pisa-Flotta.jpg 1125w, https:\/\/www.cantieridipisa.com\/wp-content\/uploads\/2026\/03\/Cantieri-di-Pisa-Flotta-139x300.jpg 139w, https:\/\/www.cantieridipisa.com\/wp-content\/uploads\/2026\/03\/Cantieri-di-Pisa-Flotta-473x1024.jpg 473w, https:\/\/www.cantieridipisa.com\/wp-content\/uploads\/2026\/03\/Cantieri-di-Pisa-Flotta-768x1663.jpg 768w, https:\/\/www.cantieridipisa.com\/wp-content\/uploads\/2026\/03\/Cantieri-di-Pisa-Flotta-709x1536.jpg 709w, https:\/\/www.cantieridipisa.com\/wp-content\/uploads\/2026\/03\/Cantieri-di-Pisa-Flotta-946x2048.jpg 946w\" sizes=\"(max-width: 1125px) 100vw, 1125px\" \/>\t\t\t\t\t\t\t\t\t\t\t\t\t<\/div>\n\t\t\t\t<\/div>\n\t\t\t\t<div class=\"elementor-element elementor-element-c63e84a elementor-hidden-mobile dce_masking-none elementor-widget elementor-widget-image\" data-id=\"c63e84a\" data-element_type=\"widget\" data-widget_type=\"image.default\">\n\t\t\t\t<div class=\"elementor-widget-container\">\n\t\t\t\t\t\t\t\t\t\t\t\t\t<img decoding=\"async\" width=\"1920\" height=\"1225\" src=\"https:\/\/www.cantieridipisa.com\/wp-content\/uploads\/2025\/12\/Cantieri-di-Pisa-Flotta.jpg\" class=\"attachment-full size-full wp-image-3156\" alt=\"\" srcset=\"https:\/\/www.cantieridipisa.com\/wp-content\/uploads\/2025\/12\/Cantieri-di-Pisa-Flotta.jpg 1920w, https:\/\/www.cantieridipisa.com\/wp-content\/uploads\/2025\/12\/Cantieri-di-Pisa-Flotta-300x191.jpg 300w, https:\/\/www.cantieridipisa.com\/wp-content\/uploads\/2025\/12\/Cantieri-di-Pisa-Flotta-1024x653.jpg 1024w, https:\/\/www.cantieridipisa.com\/wp-content\/uploads\/2025\/12\/Cantieri-di-Pisa-Flotta-768x490.jpg 768w, https:\/\/www.cantieridipisa.com\/wp-content\/uploads\/2025\/12\/Cantieri-di-Pisa-Flotta-1536x980.jpg 1536w\" sizes=\"(max-width: 1920px) 100vw, 1920px\" \/>\t\t\t\t\t\t\t\t\t\t\t\t\t<\/div>\n\t\t\t\t<\/div>\n\t\t\t\t<\/div>\n\t\t<div data-dce-background-overlay-color=\"#333E47\" data-dce-background-image-url=\"https:\/\/www.cantieridipisa.com\/wp-content\/uploads\/2024\/08\/cantieri-di-pisa-polaris-interni.jpg\" class=\"elementor-element elementor-element-b7f062c e-con-full e-flex e-con e-parent\" data-id=\"b7f062c\" data-element_type=\"container\" id=\"slider-background\" data-settings=\"{&quot;background_background&quot;:&quot;classic&quot;}\">\n\t\t<div class=\"elementor-element elementor-element-ef453ed e-flex e-con-boxed e-con e-child\" data-id=\"ef453ed\" data-element_type=\"container\">\n\t\t\t\t\t<div class=\"e-con-inner\">\n\t\t\t\t<div class=\"elementor-element elementor-element-72c06c2 elementor-widget elementor-widget-spacer\" data-id=\"72c06c2\" data-element_type=\"widget\" data-widget_type=\"spacer.default\">\n\t\t\t\t<div class=\"elementor-widget-container\">\n\t\t\t\t\t<div class=\"elementor-spacer\">\n\t\t\t<div class=\"elementor-spacer-inner\"><\/div>\n\t\t<\/div>\n\t\t\t\t<\/div>\n\t\t\t\t<\/div>\n\t\t\t\t<div class=\"elementor-element elementor-element-f10592a elementor-widget elementor-widget-heading\" data-id=\"f10592a\" data-element_type=\"widget\" data-widget_type=\"heading.default\">\n\t\t\t\t<div class=\"elementor-widget-container\">\n\t\t\t<div class=\"elementor-heading-title elementor-size-default\">Le Linee Cantieri di Pisa<\/div>\t\t<\/div>\n\t\t\t\t<\/div>\n\t\t\t\t<div class=\"elementor-element elementor-element-6832406 elementor-widget elementor-widget-heading\" data-id=\"6832406\" data-element_type=\"widget\" data-widget_type=\"heading.default\">\n\t\t\t\t<div class=\"elementor-widget-container\">\n\t\t\t<h1 class=\"elementor-heading-title elementor-size-default\">Sensibilit\u00e0 per la bellezza, plasmata nel tempo.<\/h1>\t\t<\/div>\n\t\t\t\t<\/div>\n\t\t\t\t\t<\/div>\n\t\t\t\t<\/div>\n\t\t\t\t<\/div>\n\t\t<div data-dce-background-color=\"#FFFFFF00\" class=\"elementor-element elementor-element-aec6360 e-con-full e-flex e-con e-parent\" data-id=\"aec6360\" data-element_type=\"container\" data-settings=\"{&quot;background_background&quot;:&quot;classic&quot;}\">\n\t\t\t\t<div class=\"elementor-element elementor-element-0b9184d elementor-widget elementor-widget-shortcode\" data-id=\"0b9184d\" data-element_type=\"widget\" data-widget_type=\"shortcode.default\">\n\t\t\t\t<div class=\"elementor-widget-container\">\n\t\t\t\t\t<div class=\"elementor-shortcode\"><div class=\"swiper-container\" id=\"slider_modelli_titles\"><div class=\"swiper-wrapper\"><div class=\"swiper-slide text-center\"><div class=\"modello-title\">Akhir<\/div><\/div><div class=\"swiper-slide text-center\"><div class=\"modello-title\">Polaris<\/div><\/div><div class=\"swiper-slide text-center\"><div class=\"modello-title\">Saturno<\/div><\/div><\/div><\/div><div class=\"swiper-container\" id=\"slider_modelli\"><div class=\"swiper-wrapper\"><div class=\"swiper-slide text-center\" data-bg=\"https:\/\/www.cantieridipisa.com\/wp-content\/uploads\/2024\/09\/akhir_background-scaled-new.jpg\"><img decoding=\"async\" width=\"839\" height=\"258\" src=\"https:\/\/www.cantieridipisa.com\/wp-content\/uploads\/2024\/09\/Akir-fianco-1.png\" class=\"attachment-post-thumbnail size-post-thumbnail wp-post-image\" alt=\"\" srcset=\"https:\/\/www.cantieridipisa.com\/wp-content\/uploads\/2024\/09\/Akir-fianco-1.png 839w, https:\/\/www.cantieridipisa.com\/wp-content\/uploads\/2024\/09\/Akir-fianco-1-300x92.png 300w, https:\/\/www.cantieridipisa.com\/wp-content\/uploads\/2024\/09\/Akir-fianco-1-768x236.png 768w\" sizes=\"(max-width: 839px) 100vw, 839px\" \/><\/div><div class=\"swiper-slide text-center\" data-bg=\"https:\/\/www.cantieridipisa.com\/wp-content\/uploads\/2024\/08\/cantieri-di-pisa-polaris-interni.jpg\"><img loading=\"lazy\" decoding=\"async\" width=\"839\" height=\"258\" src=\"https:\/\/www.cantieridipisa.com\/wp-content\/uploads\/2024\/08\/polaris-1.png\" class=\"attachment-post-thumbnail size-post-thumbnail wp-post-image\" alt=\"\" srcset=\"https:\/\/www.cantieridipisa.com\/wp-content\/uploads\/2024\/08\/polaris-1.png 839w, https:\/\/www.cantieridipisa.com\/wp-content\/uploads\/2024\/08\/polaris-1-300x92.png 300w, https:\/\/www.cantieridipisa.com\/wp-content\/uploads\/2024\/08\/polaris-1-768x236.png 768w\" sizes=\"(max-width: 839px) 100vw, 839px\" \/><\/div><div class=\"swiper-slide text-center\" data-bg=\"https:\/\/www.cantieridipisa.com\/wp-content\/uploads\/2024\/09\/cantieri-di-pisa-saturno56-interni-18.jpg\"><img loading=\"lazy\" decoding=\"async\" width=\"839\" height=\"258\" src=\"https:\/\/www.cantieridipisa.com\/wp-content\/uploads\/2024\/09\/saturno.png\" class=\"attachment-post-thumbnail size-post-thumbnail wp-post-image\" alt=\"Saturno 56\" srcset=\"https:\/\/www.cantieridipisa.com\/wp-content\/uploads\/2024\/09\/saturno.png 839w, https:\/\/www.cantieridipisa.com\/wp-content\/uploads\/2024\/09\/saturno-300x92.png 300w, https:\/\/www.cantieridipisa.com\/wp-content\/uploads\/2024\/09\/saturno-768x236.png 768w\" sizes=\"(max-width: 839px) 100vw, 839px\" \/><\/div><\/div><\/div><div class=\"swiper-container\" id=\"slider_modelli_links\"><div class=\"swiper-wrapper\"><div class=\"swiper-slide text-center\"><div class=\"modello-link\"><span>Akhir: l\u2019equilibrio, come principio.<\/span><a href=\"https:\/\/www.cantieridipisa.com\/it\/modelli\/akhir\/\">Scopri<svg aria-hidden=\"true\" class=\"e-font-icon-svg e-fas-chevron-right\" viewBox=\"0 0 320 512\" xmlns=\"http:\/\/www.w3.org\/2000\/svg\"><path d=\"M285.476 272.971L91.132 467.314c-9.373 9.373-24.569 9.373-33.941 0l-22.667-22.667c-9.357-9.357-9.375-24.522-.04-33.901L188.505 256 34.484 101.255c-9.335-9.379-9.317-24.544.04-33.901l22.667-22.667c9.373-9.373 24.569-9.373 33.941 0L285.475 239.03c9.373 9.372 9.373 24.568.001 33.941z\"><\/path><\/svg><\/a><\/div><\/div><div class=\"swiper-slide text-center\"><div class=\"modello-link\"><span>Polaris: il senso della direzione.<\/span><a href=\"https:\/\/www.cantieridipisa.com\/it\/modelli\/polaris\/\">Scopri<svg aria-hidden=\"true\" class=\"e-font-icon-svg e-fas-chevron-right\" viewBox=\"0 0 320 512\" xmlns=\"http:\/\/www.w3.org\/2000\/svg\"><path d=\"M285.476 272.971L91.132 467.314c-9.373 9.373-24.569 9.373-33.941 0l-22.667-22.667c-9.357-9.357-9.375-24.522-.04-33.901L188.505 256 34.484 101.255c-9.335-9.379-9.317-24.544.04-33.901l22.667-22.667c9.373-9.373 24.569-9.373 33.941 0L285.475 239.03c9.373 9.372 9.373 24.568.001 33.941z\"><\/path><\/svg><\/a><\/div><\/div><div class=\"swiper-slide text-center\"><div class=\"modello-link\"><span>Saturno: il tempo che trova spazio.<\/span><a href=\"https:\/\/www.cantieridipisa.com\/it\/modelli\/saturno\/\">Scopri<svg aria-hidden=\"true\" class=\"e-font-icon-svg e-fas-chevron-right\" viewBox=\"0 0 320 512\" xmlns=\"http:\/\/www.w3.org\/2000\/svg\"><path d=\"M285.476 272.971L91.132 467.314c-9.373 9.373-24.569 9.373-33.941 0l-22.667-22.667c-9.357-9.357-9.375-24.522-.04-33.901L188.505 256 34.484 101.255c-9.335-9.379-9.317-24.544.04-33.901l22.667-22.667c9.373-9.373 24.569-9.373 33.941 0L285.475 239.03c9.373 9.372 9.373 24.568.001 33.941z\"><\/path><\/svg><\/a><\/div><\/div><\/div><\/div><\/div>\n\t\t\t\t<\/div>\n\t\t\t\t<\/div>\n\t\t\t\t<\/div>\n\t\t<div data-dce-background-overlay-color=\"#1E252C\" data-dce-background-image-url=\"https:\/\/www.cantieridipisa.com\/wp-content\/uploads\/2024\/08\/03_Foto-cantiere.jpg\" class=\"elementor-element elementor-element-ef973c0 e-flex e-con-boxed e-con e-parent\" data-id=\"ef973c0\" data-element_type=\"container\" data-settings=\"{&quot;background_background&quot;:&quot;classic&quot;}\">\n\t\t\t\t\t<div class=\"e-con-inner\">\n\t\t\t\t<div class=\"elementor-element elementor-element-2167f79 elementor-widget elementor-widget-shortcode\" data-id=\"2167f79\" data-element_type=\"widget\" data-widget_type=\"shortcode.default\">\n\t\t\t\t<div class=\"elementor-widget-container\">\n\t\t\t<div class=\"brand-section\">\n    <div class=\"overlay2\" id=\"brands\"><\/div>\n    <div class=\"container\" id=\"val_cont\">\n        <span class=\"values\" style=\"font-size:20px; color:#fff; font-weight: 400\">Brand<\/span>\n        <p id=\"val_1\">\n                            Dal 1945, Cantieri di Pisa realizza capolavori plasmati da un inconfondibile senso italiano dell\u2019artigianalit\u00e0 e delle proporzioni.          \n                    <\/p>\n\n        <p id=\"val_2\">\n                            Dalle prime realizzazioni fino agli yacht Akhir degli anni Settanta, il cantiere ha sempre seguito un\u2019intuizione chiara: che dall\u2019equilibrio nasce l\u2019armonia, e dalla misura l\u2019eleganza.\n                    <\/p>\n\n        <p id=\"val_3\">\n                            Quell\u2019intuizione guida ancora oggi il cantiere, portando avanti la sua tradizione con uno sguardo rivolto al futuro. Ogni progetto nasce dall\u2019ascolto e prende forma attraverso l\u2019esperienza, il dialogo e il lavoro di mani esperte, sviluppandosi intorno al modo in cui ogni armatore immagina la vita in mare. Ci\u00f2 che ne emerge non \u00e8 una ripetizione del passato, ma una silenziosa fiducia in ci\u00f2 che verr\u00e0.\n                    <\/p>\n    <\/div>\n<\/div>\n\n\t\t<div class=\"elementor-shortcode\"><\/div>\n\t\t\t\t<\/div>\n\t\t\t\t<\/div>\n\t\t\t\t\t<\/div>\n\t\t\t\t<\/div>\n\t\t<!-- dce invisible element 5b6b790 --><div class=\"elementor-element elementor-element-439d325 e-con-full e-flex e-con e-parent\" data-id=\"439d325\" data-element_type=\"container\">\n\t\t<div class=\"elementor-element elementor-element-f08cb9e e-con-full e-flex e-con e-child\" data-id=\"f08cb9e\" data-element_type=\"container\">\n\t\t\t\t<div class=\"elementor-element elementor-element-66da39a elementor-widget elementor-widget-shortcode\" data-id=\"66da39a\" data-element_type=\"widget\" data-widget_type=\"shortcode.default\">\n\t\t\t\t<div class=\"elementor-widget-container\">\n\t\t\t\t\t<div class=\"elementor-shortcode\"><div class=\"swiper-container\" id=\"slider_news\"><div class=\"swiper-wrapper\"><div class=\"swiper-slide text-center\" style=\"background-image:url(https:\/\/www.cantieridipisa.com\/wp-content\/uploads\/2026\/01\/Cantieri-di-Pisa-Monaco-Yacht-Show-2025-02.jpg)\"><a class=\"news-slide-link\" href=\"https:\/\/www.cantieridipisa.com\/it\/events-it\/monaco-yacht-show-2025\/\"><div class=\"news-slide-container\"><div class=\"news-cat\">Notizie \/ Eventi<\/div><div class=\"news-title\">Monaco Yacht Show 2025<\/div><div class=\"news-date\">24 \u2013 27 Settembre<\/div><\/div><\/a><\/div><div class=\"swiper-slide text-center\" style=\"background-image:url(https:\/\/www.cantieridipisa.com\/wp-content\/uploads\/2026\/01\/Cantieri-di-Pisa-Cannes-2025-01.jpg)\"><a class=\"news-slide-link\" href=\"https:\/\/www.cantieridipisa.com\/it\/events-it\/cannes-yachting-festival-2025\/\"><div class=\"news-slide-container\"><div class=\"news-cat\">Notizie \/ Eventi<\/div><div class=\"news-title\">Cannes Yachting Festival 2025<\/div><div class=\"news-date\">09 \u2013 14 Settembre<\/div><\/div><\/a><\/div><div class=\"swiper-slide text-center\" style=\"background-image:url(https:\/\/www.cantieridipisa.com\/wp-content\/uploads\/2025\/11\/Cantieri-di-Pisa-Dubai-International-Boat-Show-2025-02.jpg)\"><a class=\"news-slide-link\" href=\"https:\/\/www.cantieridipisa.com\/it\/events-it\/dubai-international-boat-show-2025\/\"><div class=\"news-slide-container\"><div class=\"news-cat\">Notizie \/ Eventi<\/div><div class=\"news-title\">Dubai International Boat Show 2025<\/div><div class=\"news-date\">20 Febbraio<\/div><\/div><\/a><\/div><\/div><div class=\"swiper-pagination\"><\/div><div class=\"swiper-button-next\"><\/div><div class=\"swiper-button-prev\"><\/div><\/div><\/div>\n\t\t\t\t<\/div>\n\t\t\t\t<\/div>\n\t\t\t\t<\/div>\n\t\t\t\t<\/div>\n\t\t<!-- dce invisible element 5b932c0 -->\t\t<\/div>\n\t\t","protected":false},"excerpt":{"rendered":"<p>Le Linee Cantieri di Pisa Sensibilit\u00e0 per la bellezza, plasmata nel tempo. Community The Heritage Project Cantieri di Pisa\u2019s legacy is not merely a chronicle of nautical engineering, but a tapestry woven with the extraordinarytales of our esteemed shipowners. Let us hear your story<\/p>\n","protected":false},"author":3,"featured_media":3156,"parent":0,"menu_order":0,"comment_status":"closed","ping_status":"closed","template":"elementor_header_footer","meta":{"_acf_changed":false,"footnotes":""},"class_list":["post-3443","page","type-page","status-publish","has-post-thumbnail","hentry"],"acf":[],"yoast_head":"<!-- This site is optimized with the Yoast SEO plugin v24.0 - https:\/\/yoast.com\/wordpress\/plugins\/seo\/ -->\n<title>Cantieri di Pisa | Costruttori italiani di yacht di lusso<\/title>\n<meta name=\"description\" content=\"Dal 1945 creiamo iconici yacht di lusso italiani. Esplora la nostra flotta reinventata e vivi il comfort senza compromessi.\" \/>\n<meta name=\"robots\" content=\"index, follow, max-snippet:-1, max-image-preview:large, max-video-preview:-1\" \/>\n<link rel=\"canonical\" href=\"https:\/\/www.cantieridipisa.com\/it\/\" \/>\n<meta property=\"og:locale\" content=\"it_IT\" \/>\n<meta property=\"og:type\" content=\"article\" \/>\n<meta property=\"og:title\" content=\"Cantieri di Pisa | Costruttori italiani di yacht di lusso\" \/>\n<meta property=\"og:description\" content=\"Dal 1945 creiamo iconici yacht di lusso italiani. Esplora la nostra flotta reinventata e vivi il comfort senza compromessi.\" \/>\n<meta property=\"og:url\" content=\"https:\/\/www.cantieridipisa.com\/it\/\" \/>\n<meta property=\"og:site_name\" content=\"Cantieri di Pisa\" \/>\n<meta property=\"article:publisher\" content=\"https:\/\/www.facebook.com\/cantieridipisa\/\" \/>\n<meta property=\"article:modified_time\" content=\"2026-03-09T15:27:58+00:00\" \/>\n<meta property=\"og:image\" content=\"https:\/\/www.cantieridipisa.com\/wp-content\/uploads\/2026\/03\/Cantieri-di-Pisa-Flotta.jpg\" \/>\n\t<meta property=\"og:image:width\" content=\"1125\" \/>\n\t<meta property=\"og:image:height\" content=\"2436\" \/>\n\t<meta property=\"og:image:type\" content=\"image\/jpeg\" \/>\n<meta name=\"twitter:card\" content=\"summary_large_image\" \/>\n<script type=\"application\/ld+json\" class=\"yoast-schema-graph\">{\"@context\":\"https:\/\/schema.org\",\"@graph\":[{\"@type\":\"WebPage\",\"@id\":\"https:\/\/www.cantieridipisa.com\/it\/\",\"url\":\"https:\/\/www.cantieridipisa.com\/it\/\",\"name\":\"Cantieri di Pisa | Costruttori italiani di yacht di lusso\",\"isPartOf\":{\"@id\":\"https:\/\/www.cantieridipisa.com\/it\/#website\"},\"primaryImageOfPage\":{\"@id\":\"https:\/\/www.cantieridipisa.com\/it\/#primaryimage\"},\"image\":{\"@id\":\"https:\/\/www.cantieridipisa.com\/it\/#primaryimage\"},\"thumbnailUrl\":\"https:\/\/www.cantieridipisa.com\/wp-content\/uploads\/2025\/12\/Cantieri-di-Pisa-Flotta.jpg\",\"datePublished\":\"2024-08-21T08:17:16+00:00\",\"dateModified\":\"2026-03-09T15:27:58+00:00\",\"description\":\"Dal 1945 creiamo iconici yacht di lusso italiani. Esplora la nostra flotta reinventata e vivi il comfort senza compromessi.\",\"breadcrumb\":{\"@id\":\"https:\/\/www.cantieridipisa.com\/it\/#breadcrumb\"},\"inLanguage\":\"it-IT\",\"potentialAction\":[{\"@type\":\"ReadAction\",\"target\":[\"https:\/\/www.cantieridipisa.com\/it\/\"]}]},{\"@type\":\"ImageObject\",\"inLanguage\":\"it-IT\",\"@id\":\"https:\/\/www.cantieridipisa.com\/it\/#primaryimage\",\"url\":\"https:\/\/www.cantieridipisa.com\/wp-content\/uploads\/2025\/12\/Cantieri-di-Pisa-Flotta.jpg\",\"contentUrl\":\"https:\/\/www.cantieridipisa.com\/wp-content\/uploads\/2025\/12\/Cantieri-di-Pisa-Flotta.jpg\",\"width\":1920,\"height\":1225},{\"@type\":\"BreadcrumbList\",\"@id\":\"https:\/\/www.cantieridipisa.com\/it\/#breadcrumb\",\"itemListElement\":[{\"@type\":\"ListItem\",\"position\":1,\"name\":\"Home\",\"item\":\"https:\/\/www.cantieridipisa.com\/it\/\"},{\"@type\":\"ListItem\",\"position\":2,\"name\":\"Home\"}]},{\"@type\":\"WebSite\",\"@id\":\"https:\/\/www.cantieridipisa.com\/it\/#website\",\"url\":\"https:\/\/www.cantieridipisa.com\/it\/\",\"name\":\"Cantieri di Pisa\",\"description\":\"Pioneers in luxury yacht design\",\"publisher\":{\"@id\":\"https:\/\/www.cantieridipisa.com\/it\/#organization\"},\"potentialAction\":[{\"@type\":\"SearchAction\",\"target\":{\"@type\":\"EntryPoint\",\"urlTemplate\":\"https:\/\/www.cantieridipisa.com\/it\/?s={search_term_string}\"},\"query-input\":{\"@type\":\"PropertyValueSpecification\",\"valueRequired\":true,\"valueName\":\"search_term_string\"}}],\"inLanguage\":\"it-IT\"},{\"@type\":\"Organization\",\"@id\":\"https:\/\/www.cantieridipisa.com\/it\/#organization\",\"name\":\"Cantieri di Pisa\",\"url\":\"https:\/\/www.cantieridipisa.com\/it\/\",\"logo\":{\"@type\":\"ImageObject\",\"inLanguage\":\"it-IT\",\"@id\":\"https:\/\/www.cantieridipisa.com\/it\/#\/schema\/logo\/image\/\",\"url\":\"https:\/\/www.cantieridipisa.com\/wp-content\/uploads\/2024\/08\/logo.png\",\"contentUrl\":\"https:\/\/www.cantieridipisa.com\/wp-content\/uploads\/2024\/08\/logo.png\",\"width\":250,\"height\":22,\"caption\":\"Cantieri di Pisa\"},\"image\":{\"@id\":\"https:\/\/www.cantieridipisa.com\/it\/#\/schema\/logo\/image\/\"},\"sameAs\":[\"https:\/\/www.facebook.com\/cantieridipisa\/\",\"https:\/\/www.instagram.com\/cantieridipisa\/\",\"https:\/\/www.linkedin.com\/company\/cantieri-di-pisa\/\"]}]}<\/script>\n<!-- \/ Yoast SEO plugin. -->","yoast_head_json":{"title":"Cantieri di Pisa | Costruttori italiani di yacht di lusso","description":"Dal 1945 creiamo iconici yacht di lusso italiani. Esplora la nostra flotta reinventata e vivi il comfort senza compromessi.","robots":{"index":"index","follow":"follow","max-snippet":"max-snippet:-1","max-image-preview":"max-image-preview:large","max-video-preview":"max-video-preview:-1"},"canonical":"https:\/\/www.cantieridipisa.com\/it\/","og_locale":"it_IT","og_type":"article","og_title":"Cantieri di Pisa | Costruttori italiani di yacht di lusso","og_description":"Dal 1945 creiamo iconici yacht di lusso italiani. Esplora la nostra flotta reinventata e vivi il comfort senza compromessi.","og_url":"https:\/\/www.cantieridipisa.com\/it\/","og_site_name":"Cantieri di Pisa","article_publisher":"https:\/\/www.facebook.com\/cantieridipisa\/","article_modified_time":"2026-03-09T15:27:58+00:00","og_image":[{"width":1125,"height":2436,"url":"https:\/\/www.cantieridipisa.com\/wp-content\/uploads\/2026\/03\/Cantieri-di-Pisa-Flotta.jpg","type":"image\/jpeg"}],"twitter_card":"summary_large_image","schema":{"@context":"https:\/\/schema.org","@graph":[{"@type":"WebPage","@id":"https:\/\/www.cantieridipisa.com\/it\/","url":"https:\/\/www.cantieridipisa.com\/it\/","name":"Cantieri di Pisa | Costruttori italiani di yacht di lusso","isPartOf":{"@id":"https:\/\/www.cantieridipisa.com\/it\/#website"},"primaryImageOfPage":{"@id":"https:\/\/www.cantieridipisa.com\/it\/#primaryimage"},"image":{"@id":"https:\/\/www.cantieridipisa.com\/it\/#primaryimage"},"thumbnailUrl":"https:\/\/www.cantieridipisa.com\/wp-content\/uploads\/2025\/12\/Cantieri-di-Pisa-Flotta.jpg","datePublished":"2024-08-21T08:17:16+00:00","dateModified":"2026-03-09T15:27:58+00:00","description":"Dal 1945 creiamo iconici yacht di lusso italiani. Esplora la nostra flotta reinventata e vivi il comfort senza compromessi.","breadcrumb":{"@id":"https:\/\/www.cantieridipisa.com\/it\/#breadcrumb"},"inLanguage":"it-IT","potentialAction":[{"@type":"ReadAction","target":["https:\/\/www.cantieridipisa.com\/it\/"]}]},{"@type":"ImageObject","inLanguage":"it-IT","@id":"https:\/\/www.cantieridipisa.com\/it\/#primaryimage","url":"https:\/\/www.cantieridipisa.com\/wp-content\/uploads\/2025\/12\/Cantieri-di-Pisa-Flotta.jpg","contentUrl":"https:\/\/www.cantieridipisa.com\/wp-content\/uploads\/2025\/12\/Cantieri-di-Pisa-Flotta.jpg","width":1920,"height":1225},{"@type":"BreadcrumbList","@id":"https:\/\/www.cantieridipisa.com\/it\/#breadcrumb","itemListElement":[{"@type":"ListItem","position":1,"name":"Home","item":"https:\/\/www.cantieridipisa.com\/it\/"},{"@type":"ListItem","position":2,"name":"Home"}]},{"@type":"WebSite","@id":"https:\/\/www.cantieridipisa.com\/it\/#website","url":"https:\/\/www.cantieridipisa.com\/it\/","name":"Cantieri di Pisa","description":"Pioneers in luxury yacht design","publisher":{"@id":"https:\/\/www.cantieridipisa.com\/it\/#organization"},"potentialAction":[{"@type":"SearchAction","target":{"@type":"EntryPoint","urlTemplate":"https:\/\/www.cantieridipisa.com\/it\/?s={search_term_string}"},"query-input":{"@type":"PropertyValueSpecification","valueRequired":true,"valueName":"search_term_string"}}],"inLanguage":"it-IT"},{"@type":"Organization","@id":"https:\/\/www.cantieridipisa.com\/it\/#organization","name":"Cantieri di Pisa","url":"https:\/\/www.cantieridipisa.com\/it\/","logo":{"@type":"ImageObject","inLanguage":"it-IT","@id":"https:\/\/www.cantieridipisa.com\/it\/#\/schema\/logo\/image\/","url":"https:\/\/www.cantieridipisa.com\/wp-content\/uploads\/2024\/08\/logo.png","contentUrl":"https:\/\/www.cantieridipisa.com\/wp-content\/uploads\/2024\/08\/logo.png","width":250,"height":22,"caption":"Cantieri di Pisa"},"image":{"@id":"https:\/\/www.cantieridipisa.com\/it\/#\/schema\/logo\/image\/"},"sameAs":["https:\/\/www.facebook.com\/cantieridipisa\/","https:\/\/www.instagram.com\/cantieridipisa\/","https:\/\/www.linkedin.com\/company\/cantieri-di-pisa\/"]}]}},"_links":{"self":[{"href":"https:\/\/www.cantieridipisa.com\/it\/wp-json\/wp\/v2\/pages\/3443","targetHints":{"allow":["GET"]}}],"collection":[{"href":"https:\/\/www.cantieridipisa.com\/it\/wp-json\/wp\/v2\/pages"}],"about":[{"href":"https:\/\/www.cantieridipisa.com\/it\/wp-json\/wp\/v2\/types\/page"}],"author":[{"embeddable":true,"href":"https:\/\/www.cantieridipisa.com\/it\/wp-json\/wp\/v2\/users\/3"}],"replies":[{"embeddable":true,"href":"https:\/\/www.cantieridipisa.com\/it\/wp-json\/wp\/v2\/comments?post=3443"}],"version-history":[{"count":8,"href":"https:\/\/www.cantieridipisa.com\/it\/wp-json\/wp\/v2\/pages\/3443\/revisions"}],"predecessor-version":[{"id":3590,"href":"https:\/\/www.cantieridipisa.com\/it\/wp-json\/wp\/v2\/pages\/3443\/revisions\/3590"}],"wp:featuredmedia":[{"embeddable":true,"href":"https:\/\/www.cantieridipisa.com\/it\/wp-json\/wp\/v2\/media\/3156"}],"wp:attachment":[{"href":"https:\/\/www.cantieridipisa.com\/it\/wp-json\/wp\/v2\/media?parent=3443"}],"curies":[{"name":"wp","href":"https:\/\/api.w.org\/{rel}","templated":true}]}}