{"id":3504,"date":"2024-08-30T12:00:36","date_gmt":"2024-08-30T10:00:36","guid":{"rendered":"https:\/\/www.cantieridipisa.com\/services\/"},"modified":"2026-03-06T18:09:51","modified_gmt":"2026-03-06T17:09:51","slug":"servizi","status":"publish","type":"page","link":"https:\/\/www.cantieridipisa.com\/it\/servizi\/","title":{"rendered":"Servizi"},"content":{"rendered":"\t\t<div data-elementor-type=\"wp-page\" data-elementor-id=\"3504\" class=\"elementor elementor-3504 elementor-109\" data-elementor-post-type=\"page\">\n\t\t\t\t<div data-dce-background-overlay-color=\"#030A0F\" data-dce-background-image-url=\"https:\/\/www.cantieridipisa.com\/wp-content\/uploads\/2025\/05\/ezgif.jpg\" class=\"elementor-element elementor-element-bd3ea69 e-con-full responsive-hero e-flex e-con e-parent\" data-id=\"bd3ea69\" data-element_type=\"container\" data-settings=\"{&quot;background_background&quot;:&quot;classic&quot;}\">\n\t\t\t\t<div class=\"elementor-element elementor-element-65a71f4 elementor-align-center elementor-widget elementor-widget-breadcrumbs\" data-id=\"65a71f4\" data-element_type=\"widget\" data-widget_type=\"breadcrumbs.default\">\n\t\t\t\t<div class=\"elementor-widget-container\">\n\t\t\t<p id=\"breadcrumbs\"><span><span><a href=\"https:\/\/www.cantieridipisa.com\/it\/\">Home<\/a><\/span><\/span><\/p>\t\t<\/div>\n\t\t\t\t<\/div>\n\t\t\t\t<div class=\"elementor-element elementor-element-c47aa89 elementor-widget elementor-widget-heading\" data-id=\"c47aa89\" data-element_type=\"widget\" data-widget_type=\"heading.default\">\n\t\t\t\t<div class=\"elementor-widget-container\">\n\t\t\t<h1 class=\"elementor-heading-title elementor-size-default\">I servizi <br>di Cantieri di Pisa<\/h1>\t\t<\/div>\n\t\t\t\t<\/div>\n\t\t<div class=\"elementor-element elementor-element-05df7db e-con-full hero-description e-flex e-con e-child\" data-id=\"05df7db\" data-element_type=\"container\">\n\t\t\t\t<div class=\"elementor-element elementor-element-5a790b9 elementor-widget-mobile__width-initial elementor-widget elementor-widget-heading\" data-id=\"5a790b9\" data-element_type=\"widget\" data-widget_type=\"heading.default\">\n\t\t\t\t<div class=\"elementor-widget-container\">\n\t\t\t<h2 class=\"elementor-heading-title elementor-size-default\">Refitting, assistenza post-vendita, riparazioni e molto altro<\/h2>\t\t<\/div>\n\t\t\t\t<\/div>\n\t\t\t\t<div class=\"elementor-element elementor-element-3bac5c1 elementor-widget__width-initial elementor-widget-mobile__width-initial elementor-widget elementor-widget-text-editor\" data-id=\"3bac5c1\" data-element_type=\"widget\" data-widget_type=\"text-editor.default\">\n\t\t\t\t<div class=\"elementor-widget-container\">\n\t\t\t\t\t\t\t<p>Cantieri di Pisa <strong>si impegna a garantire la longevit\u00e0 e l\u2019eccellenza di ogni yacht realizzato<\/strong>, offrendo <strong>una gamma completa di servizi <\/strong>che accompagnano l\u2019imbarcazione lungo il suo intero ciclo di vita.<\/p>\t\t\t\t\t\t<\/div>\n\t\t\t\t<\/div>\n\t\t\t\t<\/div>\n\t\t\t\t<\/div>\n\t\t<div data-dce-background-color=\"#D0D1D2\" class=\"elementor-element elementor-element-5533e5c e-flex e-con-boxed e-con e-parent\" data-id=\"5533e5c\" data-element_type=\"container\" data-settings=\"{&quot;background_background&quot;:&quot;gradient&quot;}\">\n\t\t\t\t\t<div class=\"e-con-inner\">\n\t\t<div class=\"elementor-element elementor-element-a3e1195 e-con-full e-flex e-con e-child\" data-id=\"a3e1195\" data-element_type=\"container\">\n\t\t\t\t<div class=\"elementor-element elementor-element-f1e039f dce_masking-none elementor-widget elementor-widget-image\" data-id=\"f1e039f\" data-element_type=\"widget\" data-widget_type=\"image.default\">\n\t\t\t\t<div class=\"elementor-widget-container\">\n\t\t\t\t\t\t\t\t\t\t\t\t\t<img fetchpriority=\"high\" decoding=\"async\" width=\"617\" height=\"463\" src=\"https:\/\/www.cantieridipisa.com\/wp-content\/uploads\/2024\/08\/Group-145.png\" class=\"attachment-large size-large wp-image-2183\" alt=\"\" srcset=\"https:\/\/www.cantieridipisa.com\/wp-content\/uploads\/2024\/08\/Group-145.png 617w, https:\/\/www.cantieridipisa.com\/wp-content\/uploads\/2024\/08\/Group-145-300x225.png 300w\" sizes=\"(max-width: 617px) 100vw, 617px\" \/>\t\t\t\t\t\t\t\t\t\t\t\t\t<\/div>\n\t\t\t\t<\/div>\n\t\t\t\t<\/div>\n\t\t<div class=\"elementor-element elementor-element-950ba13 e-con-full e-flex e-con e-child\" data-id=\"950ba13\" data-element_type=\"container\">\n\t\t<div class=\"elementor-element elementor-element-116c8dc e-con-full e-flex e-con e-child\" data-id=\"116c8dc\" data-element_type=\"container\">\n\t\t\t\t<div class=\"elementor-element elementor-element-4e3be3b elementor-widget elementor-widget-heading\" data-id=\"4e3be3b\" data-element_type=\"widget\" data-widget_type=\"heading.default\">\n\t\t\t\t<div class=\"elementor-widget-container\">\n\t\t\t<span class=\"elementor-heading-title elementor-size-default\">01 \/<\/span>\t\t<\/div>\n\t\t\t\t<\/div>\n\t\t\t\t<div class=\"elementor-element elementor-element-e9a9189 elementor-widget elementor-widget-heading\" data-id=\"e9a9189\" data-element_type=\"widget\" data-widget_type=\"heading.default\">\n\t\t\t\t<div class=\"elementor-widget-container\">\n\t\t\t<h3 class=\"elementor-heading-title elementor-size-default\">Refitting<\/h3>\t\t<\/div>\n\t\t\t\t<\/div>\n\t\t\t\t<\/div>\n\t\t\t\t<div class=\"elementor-element elementor-element-efe647f elementor-widget elementor-widget-text-editor\" data-id=\"efe647f\" data-element_type=\"widget\" data-widget_type=\"text-editor.default\">\n\t\t\t\t<div class=\"elementor-widget-container\">\n\t\t\t\t\t\t\t<p>Grazie a un archivio completo di ogni progetto e disegno fin dalla nostra fondazione, offriamo un servizio di refitting e manutenzione senza pari. La digitalizzazione della nostra storia ci consente di restaurare e aggiornare con maestria ogni yacht costruito nel nostro cantiere, a qualunque epoca esso appartenga. Mettiamo inoltre la nostra esperienza al servizio di qualsiasi imbarcazione, indipendentemente dalla sua origine, garantendo meticolosa attenzione e interventi di altissima qualit\u00e0.<\/p>\t\t\t\t\t\t<\/div>\n\t\t\t\t<\/div>\n\t\t\t\t<div class=\"elementor-element elementor-element-5489f96 elementor-align-center elementor-widget elementor-widget-button\" data-id=\"5489f96\" data-element_type=\"widget\" data-widget_type=\"button.default\">\n\t\t\t\t<div class=\"elementor-widget-container\">\n\t\t\t\t\t\t\t<div class=\"elementor-button-wrapper\">\n\t\t\t\t\t<a class=\"elementor-button elementor-button-link elementor-size-sm\" href=\"https:\/\/www.cantieridipisa.com\/it\/yatch-care-and-refit\/\">\n\t\t\t\t\t\t<span class=\"elementor-button-content-wrapper\">\n\t\t\t\t\t\t\t\t\t<span class=\"elementor-button-text\">Scopri di pi\u00f9<\/span>\n\t\t\t\t\t<\/span>\n\t\t\t\t\t<\/a>\n\t\t\t\t<\/div>\n\t\t\t\t\t\t<\/div>\n\t\t\t\t<\/div>\n\t\t\t\t<\/div>\n\t\t\t\t\t<\/div>\n\t\t\t\t<\/div>\n\t\t<div data-dce-background-overlay-color=\"#030A0F\" data-dce-background-image-url=\"https:\/\/www.cantieridipisa.com\/wp-content\/uploads\/2025\/05\/BEC_7363-Modifica-scaled-1.jpg\" class=\"elementor-element elementor-element-2ce7ec4 e-flex e-con-boxed e-con e-parent\" data-id=\"2ce7ec4\" data-element_type=\"container\" data-settings=\"{&quot;background_background&quot;:&quot;classic&quot;}\">\n\t\t\t\t\t<div class=\"e-con-inner\">\n\t\t<div class=\"elementor-element elementor-element-b27da10 e-con-full e-flex e-con e-child\" data-id=\"b27da10\" data-element_type=\"container\">\n\t\t<div class=\"elementor-element elementor-element-24064d4 e-con-full e-flex e-con e-child\" data-id=\"24064d4\" data-element_type=\"container\">\n\t\t\t\t<div class=\"elementor-element elementor-element-f64d151 elementor-widget elementor-widget-heading\" data-id=\"f64d151\" data-element_type=\"widget\" data-widget_type=\"heading.default\">\n\t\t\t\t<div class=\"elementor-widget-container\">\n\t\t\t<span class=\"elementor-heading-title elementor-size-default\">02 \/<\/span>\t\t<\/div>\n\t\t\t\t<\/div>\n\t\t\t\t<div class=\"elementor-element elementor-element-f3cf109 elementor-widget elementor-widget-heading\" data-id=\"f3cf109\" data-element_type=\"widget\" data-widget_type=\"heading.default\">\n\t\t\t\t<div class=\"elementor-widget-container\">\n\t\t\t<h3 class=\"elementor-heading-title elementor-size-default\">Assistenza Post-Vendita<\/h3>\t\t<\/div>\n\t\t\t\t<\/div>\n\t\t\t\t<\/div>\n\t\t\t\t<div class=\"elementor-element elementor-element-8d7400c elementor-widget elementor-widget-text-editor\" data-id=\"8d7400c\" data-element_type=\"widget\" data-widget_type=\"text-editor.default\">\n\t\t\t\t<div class=\"elementor-widget-container\">\n\t\t\t\t\t\t\t<p>La soddisfazione del cliente \u00e8 fondamentale per Cantieri di Pisa. Il nostro impegno per un servizio post-vendita di eccellenza garantisce un supporto completo e continuativo. I nostri tecnici altamente qualificati sono pronti a intervenire sia in loco che da remoto, proponendo soluzioni rapide ed efficienti a qualunque problema, inclusa la gestione dei ricambi. Un\u2019assistenza post-vendita solida \u00e8 per noi un elemento essenziale per il successo e la soddisfazione a lungo termine di tutti nostri clienti.<\/p>\t\t\t\t\t\t<\/div>\n\t\t\t\t<\/div>\n\t\t\t\t<\/div>\n\t\t\t\t\t<\/div>\n\t\t\t\t<\/div>\n\t\t<div data-dce-background-color=\"#D0D1D2\" class=\"elementor-element elementor-element-db8b449 e-flex e-con-boxed e-con e-parent\" data-id=\"db8b449\" data-element_type=\"container\" data-settings=\"{&quot;background_background&quot;:&quot;gradient&quot;}\">\n\t\t\t\t\t<div class=\"e-con-inner\">\n\t\t<div class=\"elementor-element elementor-element-270d749 e-con-full e-flex e-con e-child\" data-id=\"270d749\" data-element_type=\"container\">\n\t\t\t\t<div class=\"elementor-element elementor-element-1ce9b75 dce_masking-none elementor-widget elementor-widget-image\" data-id=\"1ce9b75\" data-element_type=\"widget\" data-widget_type=\"image.default\">\n\t\t\t\t<div class=\"elementor-widget-container\">\n\t\t\t\t\t\t\t\t\t\t\t\t\t<img decoding=\"async\" width=\"617\" height=\"462\" src=\"https:\/\/www.cantieridipisa.com\/wp-content\/uploads\/2024\/08\/Cantieri-di-Pisa_027_ALE8176-2048x1365-1.png\" class=\"attachment-large size-large wp-image-2185\" alt=\"\" srcset=\"https:\/\/www.cantieridipisa.com\/wp-content\/uploads\/2024\/08\/Cantieri-di-Pisa_027_ALE8176-2048x1365-1.png 617w, https:\/\/www.cantieridipisa.com\/wp-content\/uploads\/2024\/08\/Cantieri-di-Pisa_027_ALE8176-2048x1365-1-300x225.png 300w\" sizes=\"(max-width: 617px) 100vw, 617px\" \/>\t\t\t\t\t\t\t\t\t\t\t\t\t<\/div>\n\t\t\t\t<\/div>\n\t\t\t\t<\/div>\n\t\t<div class=\"elementor-element elementor-element-db32555 e-con-full e-flex e-con e-child\" data-id=\"db32555\" data-element_type=\"container\">\n\t\t<div class=\"elementor-element elementor-element-8908f8d e-con-full e-flex e-con e-child\" data-id=\"8908f8d\" data-element_type=\"container\">\n\t\t\t\t<div class=\"elementor-element elementor-element-d804af6 elementor-widget elementor-widget-heading\" data-id=\"d804af6\" data-element_type=\"widget\" data-widget_type=\"heading.default\">\n\t\t\t\t<div class=\"elementor-widget-container\">\n\t\t\t<span class=\"elementor-heading-title elementor-size-default\">03 \/<\/span>\t\t<\/div>\n\t\t\t\t<\/div>\n\t\t\t\t<div class=\"elementor-element elementor-element-e1bf4fd elementor-widget elementor-widget-heading\" data-id=\"e1bf4fd\" data-element_type=\"widget\" data-widget_type=\"heading.default\">\n\t\t\t\t<div class=\"elementor-widget-container\">\n\t\t\t<h3 class=\"elementor-heading-title elementor-size-default\">Riparazioni<\/h3>\t\t<\/div>\n\t\t\t\t<\/div>\n\t\t\t\t<\/div>\n\t\t\t\t<div class=\"elementor-element elementor-element-545b3b6 elementor-widget elementor-widget-text-editor\" data-id=\"545b3b6\" data-element_type=\"widget\" data-widget_type=\"text-editor.default\">\n\t\t\t\t<div class=\"elementor-widget-container\">\n\t\t\t\t\t\t\t<p>Le nostre competenze si estendono oltre la manutenzione ordinaria fino a includere riparazioni complete, cos\u00ec da garantire allo yacht prestazioni sempre impeccabili. Dalla risoluzione di piccoli inconvenienti a complesse revisioni, Cantieri di Pisa offre sempre i pi\u00f9 elevati standard di qualit\u00e0 e affidabilit\u00e0.<\/p>\t\t\t\t\t\t<\/div>\n\t\t\t\t<\/div>\n\t\t\t\t<\/div>\n\t\t\t\t\t<\/div>\n\t\t\t\t<\/div>\n\t\t<div data-dce-background-overlay-color=\"#030A0F\" data-dce-background-image-url=\"https:\/\/www.cantieridipisa.com\/wp-content\/uploads\/2024\/11\/086_ALE9566-scaled.jpg\" class=\"elementor-element elementor-element-03ee783 e-flex e-con-boxed e-con e-parent\" data-id=\"03ee783\" data-element_type=\"container\" data-settings=\"{&quot;background_background&quot;:&quot;classic&quot;}\">\n\t\t\t\t\t<div class=\"e-con-inner\">\n\t\t<div class=\"elementor-element elementor-element-28903a7 e-con-full e-flex e-con e-child\" data-id=\"28903a7\" data-element_type=\"container\">\n\t\t<div class=\"elementor-element elementor-element-3a16e79 e-con-full e-flex e-con e-child\" data-id=\"3a16e79\" data-element_type=\"container\">\n\t\t\t\t<div class=\"elementor-element elementor-element-6023e31 elementor-widget elementor-widget-heading\" data-id=\"6023e31\" data-element_type=\"widget\" data-widget_type=\"heading.default\">\n\t\t\t\t<div class=\"elementor-widget-container\">\n\t\t\t<span class=\"elementor-heading-title elementor-size-default\">04 \/<\/span>\t\t<\/div>\n\t\t\t\t<\/div>\n\t\t\t\t<div class=\"elementor-element elementor-element-186d884 elementor-widget elementor-widget-heading\" data-id=\"186d884\" data-element_type=\"widget\" data-widget_type=\"heading.default\">\n\t\t\t\t<div class=\"elementor-widget-container\">\n\t\t\t<h3 class=\"elementor-heading-title elementor-size-default\">Divisione Custom<\/h3>\t\t<\/div>\n\t\t\t\t<\/div>\n\t\t\t\t<\/div>\n\t\t\t\t<div class=\"elementor-element elementor-element-07e730b elementor-widget elementor-widget-text-editor\" data-id=\"07e730b\" data-element_type=\"widget\" data-widget_type=\"text-editor.default\">\n\t\t\t\t<div class=\"elementor-widget-container\">\n\t\t\t\t\t\t\t<p>La Divisione Custom di Cantieri di Pisa offre all\u2019armatore pi\u00f9 esigente la perfetta sintesi tra tradizione e artigianalit\u00e0 su misura. Lavoriamo a stretto contatto con te per trasformare in realt\u00e0 la tua visione, realizzando yacht che incarnano il tuo stile e l\u2019intramontabile prestigio di un marchio storico.<\/p><p>Per Cantieri di Pisa, impegno verso l\u2019eccellenza significa garantire che ogni yacht affidato alle nostre cure sia mantenuto ai massimi standard, riflettendo la nostra ricca storia di artigianato e innovazione.<\/p>\t\t\t\t\t\t<\/div>\n\t\t\t\t<\/div>\n\t\t\t\t<\/div>\n\t\t\t\t\t<\/div>\n\t\t\t\t<\/div>\n\t\t\t\t<\/div>\n\t\t","protected":false},"excerpt":{"rendered":"<p>I servizi di Cantieri di Pisa Refitting, assistenza post-vendita, riparazioni e molto altro Cantieri di Pisa si impegna a garantire la longevit\u00e0 e l\u2019eccellenza di ogni yacht realizzato, offrendo una gamma completa di servizi che accompagnano l\u2019imbarcazione lungo il suo intero ciclo di vita. 01 \/ Refitting Grazie a un archivio completo di ogni progetto [&hellip;]<\/p>\n","protected":false},"author":3,"featured_media":0,"parent":0,"menu_order":0,"comment_status":"closed","ping_status":"closed","template":"elementor_header_footer","meta":{"_acf_changed":false,"footnotes":""},"class_list":["post-3504","page","type-page","status-publish","hentry"],"acf":[],"yoast_head":"<!-- This site is optimized with the Yoast SEO plugin v24.0 - https:\/\/yoast.com\/wordpress\/plugins\/seo\/ -->\n<title>I nostri servizi | Cantieri di Pisa<\/title>\n<meta name=\"description\" content=\"Lascia che il tuo sogno diventi realt\u00e0. Esplora la gamma di servizi offerti da Cantieri di Pisa, che include refitting, assistenza post-vendita e soluzioni personalizzate per yacht.\" \/>\n<meta name=\"robots\" content=\"index, follow, max-snippet:-1, max-image-preview:large, max-video-preview:-1\" \/>\n<link rel=\"canonical\" href=\"https:\/\/www.cantieridipisa.com\/it\/servizi\/\" \/>\n<meta property=\"og:locale\" content=\"it_IT\" \/>\n<meta property=\"og:type\" content=\"article\" \/>\n<meta property=\"og:title\" content=\"I nostri servizi | Cantieri di Pisa\" \/>\n<meta property=\"og:description\" content=\"Lascia che il tuo sogno diventi realt\u00e0. Esplora la gamma di servizi offerti da Cantieri di Pisa, che include refitting, assistenza post-vendita e soluzioni personalizzate per yacht.\" \/>\n<meta property=\"og:url\" content=\"https:\/\/www.cantieridipisa.com\/it\/servizi\/\" \/>\n<meta property=\"og:site_name\" content=\"Cantieri di Pisa\" \/>\n<meta property=\"article:publisher\" content=\"https:\/\/www.facebook.com\/cantieridipisa\/\" \/>\n<meta property=\"article:modified_time\" content=\"2026-03-06T17:09:51+00:00\" \/>\n<meta property=\"og:image\" content=\"https:\/\/www.cantieridipisa.com\/wp-content\/uploads\/2024\/08\/Group-145.png\" \/>\n\t<meta property=\"og:image:width\" content=\"617\" \/>\n\t<meta property=\"og:image:height\" content=\"463\" \/>\n\t<meta property=\"og:image:type\" content=\"image\/png\" \/>\n<meta name=\"twitter:card\" content=\"summary_large_image\" \/>\n<meta name=\"twitter:label1\" content=\"Tempo di lettura stimato\" \/>\n\t<meta name=\"twitter:data1\" content=\"2 minuti\" \/>\n<script type=\"application\/ld+json\" class=\"yoast-schema-graph\">{\"@context\":\"https:\/\/schema.org\",\"@graph\":[{\"@type\":\"WebPage\",\"@id\":\"https:\/\/www.cantieridipisa.com\/it\/servizi\/\",\"url\":\"https:\/\/www.cantieridipisa.com\/it\/servizi\/\",\"name\":\"I nostri servizi | Cantieri di Pisa\",\"isPartOf\":{\"@id\":\"https:\/\/www.cantieridipisa.com\/it\/#website\"},\"primaryImageOfPage\":{\"@id\":\"https:\/\/www.cantieridipisa.com\/it\/servizi\/#primaryimage\"},\"image\":{\"@id\":\"https:\/\/www.cantieridipisa.com\/it\/servizi\/#primaryimage\"},\"thumbnailUrl\":\"https:\/\/www.cantieridipisa.com\/wp-content\/uploads\/2024\/08\/Group-145.png\",\"datePublished\":\"2024-08-30T10:00:36+00:00\",\"dateModified\":\"2026-03-06T17:09:51+00:00\",\"description\":\"Lascia che il tuo sogno diventi realt\u00e0. Esplora la gamma di servizi offerti da Cantieri di Pisa, che include refitting, assistenza post-vendita e soluzioni personalizzate per yacht.\",\"breadcrumb\":{\"@id\":\"https:\/\/www.cantieridipisa.com\/it\/servizi\/#breadcrumb\"},\"inLanguage\":\"it-IT\",\"potentialAction\":[{\"@type\":\"ReadAction\",\"target\":[\"https:\/\/www.cantieridipisa.com\/it\/servizi\/\"]}]},{\"@type\":\"ImageObject\",\"inLanguage\":\"it-IT\",\"@id\":\"https:\/\/www.cantieridipisa.com\/it\/servizi\/#primaryimage\",\"url\":\"https:\/\/www.cantieridipisa.com\/wp-content\/uploads\/2024\/08\/Group-145.png\",\"contentUrl\":\"https:\/\/www.cantieridipisa.com\/wp-content\/uploads\/2024\/08\/Group-145.png\"},{\"@type\":\"BreadcrumbList\",\"@id\":\"https:\/\/www.cantieridipisa.com\/it\/servizi\/#breadcrumb\",\"itemListElement\":[{\"@type\":\"ListItem\",\"position\":1,\"name\":\"Home\",\"item\":\"https:\/\/www.cantieridipisa.com\/it\/\"},{\"@type\":\"ListItem\",\"position\":2,\"name\":\"Servizi\"}]},{\"@type\":\"WebSite\",\"@id\":\"https:\/\/www.cantieridipisa.com\/it\/#website\",\"url\":\"https:\/\/www.cantieridipisa.com\/it\/\",\"name\":\"Cantieri di Pisa\",\"description\":\"Pioneers in luxury yacht design\",\"publisher\":{\"@id\":\"https:\/\/www.cantieridipisa.com\/it\/#organization\"},\"potentialAction\":[{\"@type\":\"SearchAction\",\"target\":{\"@type\":\"EntryPoint\",\"urlTemplate\":\"https:\/\/www.cantieridipisa.com\/it\/?s={search_term_string}\"},\"query-input\":{\"@type\":\"PropertyValueSpecification\",\"valueRequired\":true,\"valueName\":\"search_term_string\"}}],\"inLanguage\":\"it-IT\"},{\"@type\":\"Organization\",\"@id\":\"https:\/\/www.cantieridipisa.com\/it\/#organization\",\"name\":\"Cantieri di Pisa\",\"url\":\"https:\/\/www.cantieridipisa.com\/it\/\",\"logo\":{\"@type\":\"ImageObject\",\"inLanguage\":\"it-IT\",\"@id\":\"https:\/\/www.cantieridipisa.com\/it\/#\/schema\/logo\/image\/\",\"url\":\"https:\/\/www.cantieridipisa.com\/wp-content\/uploads\/2024\/08\/logo.png\",\"contentUrl\":\"https:\/\/www.cantieridipisa.com\/wp-content\/uploads\/2024\/08\/logo.png\",\"width\":250,\"height\":22,\"caption\":\"Cantieri di Pisa\"},\"image\":{\"@id\":\"https:\/\/www.cantieridipisa.com\/it\/#\/schema\/logo\/image\/\"},\"sameAs\":[\"https:\/\/www.facebook.com\/cantieridipisa\/\",\"https:\/\/www.instagram.com\/cantieridipisa\/\",\"https:\/\/www.linkedin.com\/company\/cantieri-di-pisa\/\"]}]}<\/script>\n<!-- \/ Yoast SEO plugin. -->","yoast_head_json":{"title":"I nostri servizi | Cantieri di Pisa","description":"Lascia che il tuo sogno diventi realt\u00e0. Esplora la gamma di servizi offerti da Cantieri di Pisa, che include refitting, assistenza post-vendita e soluzioni personalizzate per yacht.","robots":{"index":"index","follow":"follow","max-snippet":"max-snippet:-1","max-image-preview":"max-image-preview:large","max-video-preview":"max-video-preview:-1"},"canonical":"https:\/\/www.cantieridipisa.com\/it\/servizi\/","og_locale":"it_IT","og_type":"article","og_title":"I nostri servizi | Cantieri di Pisa","og_description":"Lascia che il tuo sogno diventi realt\u00e0. Esplora la gamma di servizi offerti da Cantieri di Pisa, che include refitting, assistenza post-vendita e soluzioni personalizzate per yacht.","og_url":"https:\/\/www.cantieridipisa.com\/it\/servizi\/","og_site_name":"Cantieri di Pisa","article_publisher":"https:\/\/www.facebook.com\/cantieridipisa\/","article_modified_time":"2026-03-06T17:09:51+00:00","og_image":[{"width":617,"height":463,"url":"https:\/\/www.cantieridipisa.com\/wp-content\/uploads\/2024\/08\/Group-145.png","type":"image\/png"}],"twitter_card":"summary_large_image","twitter_misc":{"Tempo di lettura stimato":"2 minuti"},"schema":{"@context":"https:\/\/schema.org","@graph":[{"@type":"WebPage","@id":"https:\/\/www.cantieridipisa.com\/it\/servizi\/","url":"https:\/\/www.cantieridipisa.com\/it\/servizi\/","name":"I nostri servizi | Cantieri di Pisa","isPartOf":{"@id":"https:\/\/www.cantieridipisa.com\/it\/#website"},"primaryImageOfPage":{"@id":"https:\/\/www.cantieridipisa.com\/it\/servizi\/#primaryimage"},"image":{"@id":"https:\/\/www.cantieridipisa.com\/it\/servizi\/#primaryimage"},"thumbnailUrl":"https:\/\/www.cantieridipisa.com\/wp-content\/uploads\/2024\/08\/Group-145.png","datePublished":"2024-08-30T10:00:36+00:00","dateModified":"2026-03-06T17:09:51+00:00","description":"Lascia che il tuo sogno diventi realt\u00e0. Esplora la gamma di servizi offerti da Cantieri di Pisa, che include refitting, assistenza post-vendita e soluzioni personalizzate per yacht.","breadcrumb":{"@id":"https:\/\/www.cantieridipisa.com\/it\/servizi\/#breadcrumb"},"inLanguage":"it-IT","potentialAction":[{"@type":"ReadAction","target":["https:\/\/www.cantieridipisa.com\/it\/servizi\/"]}]},{"@type":"ImageObject","inLanguage":"it-IT","@id":"https:\/\/www.cantieridipisa.com\/it\/servizi\/#primaryimage","url":"https:\/\/www.cantieridipisa.com\/wp-content\/uploads\/2024\/08\/Group-145.png","contentUrl":"https:\/\/www.cantieridipisa.com\/wp-content\/uploads\/2024\/08\/Group-145.png"},{"@type":"BreadcrumbList","@id":"https:\/\/www.cantieridipisa.com\/it\/servizi\/#breadcrumb","itemListElement":[{"@type":"ListItem","position":1,"name":"Home","item":"https:\/\/www.cantieridipisa.com\/it\/"},{"@type":"ListItem","position":2,"name":"Servizi"}]},{"@type":"WebSite","@id":"https:\/\/www.cantieridipisa.com\/it\/#website","url":"https:\/\/www.cantieridipisa.com\/it\/","name":"Cantieri di Pisa","description":"Pioneers in luxury yacht design","publisher":{"@id":"https:\/\/www.cantieridipisa.com\/it\/#organization"},"potentialAction":[{"@type":"SearchAction","target":{"@type":"EntryPoint","urlTemplate":"https:\/\/www.cantieridipisa.com\/it\/?s={search_term_string}"},"query-input":{"@type":"PropertyValueSpecification","valueRequired":true,"valueName":"search_term_string"}}],"inLanguage":"it-IT"},{"@type":"Organization","@id":"https:\/\/www.cantieridipisa.com\/it\/#organization","name":"Cantieri di Pisa","url":"https:\/\/www.cantieridipisa.com\/it\/","logo":{"@type":"ImageObject","inLanguage":"it-IT","@id":"https:\/\/www.cantieridipisa.com\/it\/#\/schema\/logo\/image\/","url":"https:\/\/www.cantieridipisa.com\/wp-content\/uploads\/2024\/08\/logo.png","contentUrl":"https:\/\/www.cantieridipisa.com\/wp-content\/uploads\/2024\/08\/logo.png","width":250,"height":22,"caption":"Cantieri di Pisa"},"image":{"@id":"https:\/\/www.cantieridipisa.com\/it\/#\/schema\/logo\/image\/"},"sameAs":["https:\/\/www.facebook.com\/cantieridipisa\/","https:\/\/www.instagram.com\/cantieridipisa\/","https:\/\/www.linkedin.com\/company\/cantieri-di-pisa\/"]}]}},"_links":{"self":[{"href":"https:\/\/www.cantieridipisa.com\/it\/wp-json\/wp\/v2\/pages\/3504","targetHints":{"allow":["GET"]}}],"collection":[{"href":"https:\/\/www.cantieridipisa.com\/it\/wp-json\/wp\/v2\/pages"}],"about":[{"href":"https:\/\/www.cantieridipisa.com\/it\/wp-json\/wp\/v2\/types\/page"}],"author":[{"embeddable":true,"href":"https:\/\/www.cantieridipisa.com\/it\/wp-json\/wp\/v2\/users\/3"}],"replies":[{"embeddable":true,"href":"https:\/\/www.cantieridipisa.com\/it\/wp-json\/wp\/v2\/comments?post=3504"}],"version-history":[{"count":4,"href":"https:\/\/www.cantieridipisa.com\/it\/wp-json\/wp\/v2\/pages\/3504\/revisions"}],"predecessor-version":[{"id":3508,"href":"https:\/\/www.cantieridipisa.com\/it\/wp-json\/wp\/v2\/pages\/3504\/revisions\/3508"}],"wp:attachment":[{"href":"https:\/\/www.cantieridipisa.com\/it\/wp-json\/wp\/v2\/media?parent=3504"}],"curies":[{"name":"wp","href":"https:\/\/api.w.org\/{rel}","templated":true}]}}